{"id":697,"date":"2025-12-30T11:21:18","date_gmt":"2025-12-30T11:21:18","guid":{"rendered":"https:\/\/puntocieco.it\/credits\/"},"modified":"2026-02-10T08:54:46","modified_gmt":"2026-02-10T08:54:46","slug":"credits","status":"publish","type":"page","link":"https:\/\/puntocieco.it\/en\/credits\/","title":{"rendered":"Credits"},"content":{"rendered":"\t\t<div data-elementor-type=\"wp-page\" data-elementor-id=\"697\" class=\"elementor elementor-697 elementor-595\" data-elementor-post-type=\"page\">\n\t\t\t\t<div class=\"elementor-element elementor-element-62289b8 e-flex e-con-boxed e-con e-parent\" data-id=\"62289b8\" data-element_type=\"container\" data-e-type=\"container\" data-settings=\"{&quot;background_background&quot;:&quot;classic&quot;}\">\n\t\t\t\t\t<div class=\"e-con-inner\">\n\t\t\t\t\t<\/div>\n\t\t\t\t<\/div>\n\t\t<div class=\"elementor-element elementor-element-0f36a67 e-flex e-con-boxed e-con e-parent\" data-id=\"0f36a67\" data-element_type=\"container\" data-e-type=\"container\">\n\t\t\t\t\t<div class=\"e-con-inner\">\n\t\t\t\t<div class=\"elementor-element elementor-element-7808a57 elementor-widget elementor-widget-text-editor\" data-id=\"7808a57\" data-element_type=\"widget\" data-e-type=\"widget\" data-widget_type=\"text-editor.default\">\n\t\t\t\t\t\t\t\t\t<p><em>Punto Cieco<\/em> is a project by Giuseppe Foglia<\/p><p>Produced by: Giuseppe Foglia, Paolo Rosada, Filippo Ulivieri, Giuliano Danieli<\/p><p>Research on the masks from <em>Eyes Wide Shut<\/em>: Giuseppe Foglia<\/p><p>Historical and production research on Stanley Kubrick: Filippo Ulivieri<\/p><p>Masks created by: Josie Bahar, Mario Belloni, Davide Belloni, Sergio Boldrin, Francesca Cecamore, Franco Cecamore, Gualtiero Dall\u2019Osto, Fiorella Del Ben, Rachele Giordano, Manuela Gottardo, Stefano Gottardo, Guerrino Lovato, Antonella Masnata, Sofia Sarria<\/p><p>Design consultant: Marco Petrucci<\/p><p>Poster concept and design: Marco Petrucci, Giuseppe Foglia<\/p><p>Photography: Giuseppe Foglia<\/p><p>Studio: Imago Casting s.r.l.<\/p><p>Director of Photography (studio): Giorgio Amendola<\/p><p>Studio photography assistant: Andrea Da Silva<\/p><p>Scenic backdrop: Valerio Verdecchia<\/p><p>Make-up and hair: Sara Lubrani<\/p><p>Legal consultancy: WST \u2013 Studio Associato Servizi Professionali Integrati<\/p><p>Technical and IT support: Federico Aggio, Fabiano Bortolami<\/p><p>Fine-art printing: Marco Bugionovi<\/p><p>With special thanks to: Luciano Arcangeli, Ron Barbagallo, Mirta Baratto, Alfredo Betr\u00f2, Giuseppe Blasotta, Gennaro Bonaccorso, Massimo Candeloro, Fabio Canti, Ilaria Carli, Giacomo Cerri, Eugenio Corsetti, Matteo Corvino, Alberto Crespi, Riccardo Crippa, Tobia Dall&#8217;Osto, Francesca Gravili, Carlo Gobbi, Tom\u00e1\u0161 Iv\u00e1nek, Danilo Mancini, Viola Marano, Diego Marchetti, Renato Marengo, Mario Pagnozzi, Alessandra Panicali, Giorgio Pansini, Caterina Roberta Pierro, Gianvincenzo Piro, Ilenia Rosa, Federica Rossi, Dongwha Seo, Stefano Soso, Massimiliano Studer, Irene Tomio, Alessandra Vagnarelli, Alice Zecchinelli, Jacopo Zoffoli<\/p>\t\t\t\t\t\t\t\t<\/div>\n\t\t\t\t\t<\/div>\n\t\t\t\t<\/div>\n\t\t\t\t<\/div>\n\t\t","protected":false},"excerpt":{"rendered":"<p>Punto Cieco is a project by Giuseppe Foglia Produced by: Giuseppe Foglia, Paolo Rosada, Filippo Ulivieri, Giuliano Danieli Research on the masks from Eyes Wide Shut: Giuseppe Foglia Historical and production research on Stanley Kubrick: Filippo Ulivieri Masks created by: Josie Bahar, Mario Belloni, Davide Belloni, Sergio Boldrin, Francesca Cecamore, Franco Cecamore, Gualtiero Dall\u2019Osto, Fiorella [&hellip;]<\/p>\n","protected":false},"author":1,"featured_media":0,"parent":0,"menu_order":0,"comment_status":"closed","ping_status":"closed","template":"elementor_header_footer","meta":{"_acf_changed":false,"footnotes":""},"class_list":["post-697","page","type-page","status-publish","hentry"],"acf":[],"_links":{"self":[{"href":"https:\/\/puntocieco.it\/en\/wp-json\/wp\/v2\/pages\/697","targetHints":{"allow":["GET"]}}],"collection":[{"href":"https:\/\/puntocieco.it\/en\/wp-json\/wp\/v2\/pages"}],"about":[{"href":"https:\/\/puntocieco.it\/en\/wp-json\/wp\/v2\/types\/page"}],"author":[{"embeddable":true,"href":"https:\/\/puntocieco.it\/en\/wp-json\/wp\/v2\/users\/1"}],"replies":[{"embeddable":true,"href":"https:\/\/puntocieco.it\/en\/wp-json\/wp\/v2\/comments?post=697"}],"version-history":[{"count":3,"href":"https:\/\/puntocieco.it\/en\/wp-json\/wp\/v2\/pages\/697\/revisions"}],"predecessor-version":[{"id":755,"href":"https:\/\/puntocieco.it\/en\/wp-json\/wp\/v2\/pages\/697\/revisions\/755"}],"wp:attachment":[{"href":"https:\/\/puntocieco.it\/en\/wp-json\/wp\/v2\/media?parent=697"}],"curies":[{"name":"wp","href":"https:\/\/api.w.org\/{rel}","templated":true}]}}